{"id":3094,"date":"2022-03-24T15:29:22","date_gmt":"2022-03-24T14:29:22","guid":{"rendered":"https:\/\/affordablehousingactivation.org\/?page_id=3094"},"modified":"2022-04-08T09:17:22","modified_gmt":"2022-04-08T07:17:22","slug":"roca-plataforma-uia","status":"publish","type":"page","link":"https:\/\/affordablehousingactivation.org\/es\/roca-plataforma-uia\/","title":{"rendered":"ROCA \u2013 PLATAFORMA UIA"},"content":{"rendered":"<h6><span class=\"TextRun SCXW72431794 BCX8\" lang=\"ES-ES\" xml:lang=\"ES-ES\" data-contrast=\"none\"><span class=\"NormalTextRun SCXW72431794 BCX8\">Roca, l\u00edder mundial en la comercializaci\u00f3n, producci\u00f3n y dise\u00f1o de productos para el espacio de ba\u00f1o, <\/span><\/span><span class=\"TextRun SCXW72431794 BCX8\" lang=\"ES-ES\" xml:lang=\"ES-ES\" data-contrast=\"none\"><span class=\"NormalTextRun SCXW72431794 BCX8\">se suma al debate global sobre el acceso a la vivienda<\/span><span class=\"NormalTextRun SCXW72431794 BCX8\">.<\/span><\/span><span class=\"EOP SCXW72431794 BCX8\" data-ccp-props=\"{}\">\u00a0<\/span><\/h6>\n","protected":false},"excerpt":{"rendered":"<p>Roca, l\u00edder mundial en la comercializaci\u00f3n, producci\u00f3n y dise\u00f1o de productos para el espacio de ba\u00f1o, se suma al debate global sobre el acceso a la vivienda.\u00a0<\/p>\n","protected":false},"author":5,"featured_media":0,"parent":0,"menu_order":0,"comment_status":"closed","ping_status":"closed","template":"page-ficha-patrocinador.php","meta":{"_price":"","_stock":"","_tribe_ticket_header":"","_tribe_default_ticket_provider":"Tribe__Tickets_Plus__Commerce__WooCommerce__Main","_tribe_ticket_capacity":"0","_ticket_start_date":"","_ticket_end_date":"","_tribe_ticket_show_description":"","_tribe_ticket_show_not_going":false,"_tribe_ticket_use_global_stock":"","_tribe_ticket_global_stock_level":"","_global_stock_mode":"","_global_stock_cap":"","_tribe_rsvp_for_event":"","_tribe_ticket_going_count":"","_tribe_ticket_not_going_count":"","_tribe_tickets_list":[],"_tribe_ticket_has_attendee_info_fields":false},"acf":[],"ticketed":false,"_links":{"self":[{"href":"https:\/\/affordablehousingactivation.org\/es\/wp-json\/wp\/v2\/pages\/3094"}],"collection":[{"href":"https:\/\/affordablehousingactivation.org\/es\/wp-json\/wp\/v2\/pages"}],"about":[{"href":"https:\/\/affordablehousingactivation.org\/es\/wp-json\/wp\/v2\/types\/page"}],"author":[{"embeddable":true,"href":"https:\/\/affordablehousingactivation.org\/es\/wp-json\/wp\/v2\/users\/5"}],"replies":[{"embeddable":true,"href":"https:\/\/affordablehousingactivation.org\/es\/wp-json\/wp\/v2\/comments?post=3094"}],"version-history":[{"count":29,"href":"https:\/\/affordablehousingactivation.org\/es\/wp-json\/wp\/v2\/pages\/3094\/revisions"}],"predecessor-version":[{"id":5300,"href":"https:\/\/affordablehousingactivation.org\/es\/wp-json\/wp\/v2\/pages\/3094\/revisions\/5300"}],"wp:attachment":[{"href":"https:\/\/affordablehousingactivation.org\/es\/wp-json\/wp\/v2\/media?parent=3094"}],"curies":[{"name":"wp","href":"https:\/\/api.w.org\/{rel}","templated":true}]}}