{"id":3352,"date":"2022-03-29T11:25:19","date_gmt":"2022-03-29T09:25:19","guid":{"rendered":"https:\/\/affordablehousingactivation.org\/?page_id=3352"},"modified":"2022-04-21T10:35:15","modified_gmt":"2022-04-21T08:35:15","slug":"3352-2","status":"publish","type":"page","link":"https:\/\/affordablehousingactivation.org\/es\/3352-2\/","title":{"rendered":"Madrid Nuevo Norte &#8211; PLATAFORMA UIA"},"content":{"rendered":"<p><b><span data-contrast=\"auto\">Madrid Nuevo Norte es el proyecto de regeneraci\u00f3n urbana que transformar\u00e1 Madrid, basado en un modelo urbano denso, compacto y mixto, y estructurado a partir del transporte p\u00fablico, la movilidad peatonal, la participaci\u00f3n ciudadana y el impulso sostenible a la econom\u00eda.<\/span><\/b><span data-ccp-props=\"{&quot;201341983&quot;:0,&quot;335559739&quot;:0,&quot;335559740&quot;:240}\">\u00a0<\/span><\/p>\n<p>&nbsp;<\/p>\n<p><strong> \u201cBienvenidos al Madrid del futuro\u201d<\/strong><\/p>\n<p>&nbsp;<\/p>\n<div style=\"width: 800px;\" class=\"wp-video\"><!--[if lt IE 9]><script>document.createElement('video');<\/script><![endif]-->\n<video class=\"wp-video-shortcode\" id=\"video-3352-1\" width=\"800\" height=\"450\" preload=\"metadata\" controls=\"controls\"><source type=\"video\/mp4\" src=\"https:\/\/affordablehousingactivation.org\/web\/app\/uploads\/2022\/03\/MNN-NUEVOS_RENDERS_211126_NUEVO-LOGO-ESP4.mp4?_=1\" \/><a href=\"https:\/\/affordablehousingactivation.org\/web\/app\/uploads\/2022\/03\/MNN-NUEVOS_RENDERS_211126_NUEVO-LOGO-ESP4.mp4\">https:\/\/affordablehousingactivation.org\/web\/app\/uploads\/2022\/03\/MNN-NUEVOS_RENDERS_211126_NUEVO-LOGO-ESP4.mp4<\/a><\/video><\/div>\n","protected":false},"excerpt":{"rendered":"<p>Madrid Nuevo Norte es el proyecto de regeneraci\u00f3n urbana que transformar\u00e1 Madrid, basado en un modelo urbano denso, compacto y mixto, y estructurado a partir del transporte p\u00fablico, la movilidad [&hellip;]<\/p>\n","protected":false},"author":11,"featured_media":0,"parent":0,"menu_order":0,"comment_status":"closed","ping_status":"closed","template":"page-ficha-patrocinador.php","meta":{"_price":"","_stock":"","_tribe_ticket_header":"","_tribe_default_ticket_provider":"Tribe__Tickets_Plus__Commerce__WooCommerce__Main","_tribe_ticket_capacity":"0","_ticket_start_date":"","_ticket_end_date":"","_tribe_ticket_show_description":"","_tribe_ticket_show_not_going":false,"_tribe_ticket_use_global_stock":"","_tribe_ticket_global_stock_level":"","_global_stock_mode":"","_global_stock_cap":"","_tribe_rsvp_for_event":"","_tribe_ticket_going_count":"","_tribe_ticket_not_going_count":"","_tribe_tickets_list":[],"_tribe_ticket_has_attendee_info_fields":false},"acf":[],"ticketed":false,"_links":{"self":[{"href":"https:\/\/affordablehousingactivation.org\/es\/wp-json\/wp\/v2\/pages\/3352"}],"collection":[{"href":"https:\/\/affordablehousingactivation.org\/es\/wp-json\/wp\/v2\/pages"}],"about":[{"href":"https:\/\/affordablehousingactivation.org\/es\/wp-json\/wp\/v2\/types\/page"}],"author":[{"embeddable":true,"href":"https:\/\/affordablehousingactivation.org\/es\/wp-json\/wp\/v2\/users\/11"}],"replies":[{"embeddable":true,"href":"https:\/\/affordablehousingactivation.org\/es\/wp-json\/wp\/v2\/comments?post=3352"}],"version-history":[{"count":30,"href":"https:\/\/affordablehousingactivation.org\/es\/wp-json\/wp\/v2\/pages\/3352\/revisions"}],"predecessor-version":[{"id":5833,"href":"https:\/\/affordablehousingactivation.org\/es\/wp-json\/wp\/v2\/pages\/3352\/revisions\/5833"}],"wp:attachment":[{"href":"https:\/\/affordablehousingactivation.org\/es\/wp-json\/wp\/v2\/media?parent=3352"}],"curies":[{"name":"wp","href":"https:\/\/api.w.org\/{rel}","templated":true}]}}