{"id":940,"date":"2022-02-28T13:23:17","date_gmt":"2022-02-28T12:23:17","guid":{"rendered":"https:\/\/affordablehousingactivation.org\/?page_id=940"},"modified":"2022-07-18T19:01:06","modified_gmt":"2022-07-18T17:01:06","slug":"patrocinadores","status":"publish","type":"page","link":"https:\/\/affordablehousingactivation.org\/es\/patrocinadores\/","title":{"rendered":"Aliados"},"content":{"rendered":"<p>AHA ser\u00e1 el Foro de referencia a nivel nacional e internacional donde se analizaran las diferentes barreras que dificultan el acceso a una vivienda digna y adecuada. Una oportunidad \u00fanica para difundir proyectos e iniciativas, compartir l\u00edneas de actuaci\u00f3n con los principales agentes y decisores, acceder a las tendencias, analizar datos y conocer los casos de \u00e9xito. Forma parte de un ecosistema din\u00e1mico e interconectado, utilizando de forma pionera inteligencia artificial para facilitar el debate e intercambio de conocimiento.<\/p>\n","protected":false},"excerpt":{"rendered":"<p>AHA ser\u00e1 el Foro de referencia a nivel nacional e internacional donde se analizaran las diferentes barreras que dificultan el acceso a una vivienda digna y adecuada. Una oportunidad \u00fanica [&hellip;]<\/p>\n","protected":false},"author":2,"featured_media":0,"parent":0,"menu_order":0,"comment_status":"closed","ping_status":"closed","template":"page-patrocinio.php","meta":{"_price":"","_stock":"","_tribe_ticket_header":"","_tribe_default_ticket_provider":"Tribe__Tickets_Plus__Commerce__WooCommerce__Main","_tribe_ticket_capacity":"0","_ticket_start_date":"","_ticket_end_date":"","_tribe_ticket_show_description":"","_tribe_ticket_show_not_going":false,"_tribe_ticket_use_global_stock":"","_tribe_ticket_global_stock_level":"","_global_stock_mode":"","_global_stock_cap":"","_tribe_rsvp_for_event":"","_tribe_ticket_going_count":"","_tribe_ticket_not_going_count":"","_tribe_tickets_list":[],"_tribe_ticket_has_attendee_info_fields":false},"acf":[],"ticketed":false,"_links":{"self":[{"href":"https:\/\/affordablehousingactivation.org\/es\/wp-json\/wp\/v2\/pages\/940"}],"collection":[{"href":"https:\/\/affordablehousingactivation.org\/es\/wp-json\/wp\/v2\/pages"}],"about":[{"href":"https:\/\/affordablehousingactivation.org\/es\/wp-json\/wp\/v2\/types\/page"}],"author":[{"embeddable":true,"href":"https:\/\/affordablehousingactivation.org\/es\/wp-json\/wp\/v2\/users\/2"}],"replies":[{"embeddable":true,"href":"https:\/\/affordablehousingactivation.org\/es\/wp-json\/wp\/v2\/comments?post=940"}],"version-history":[{"count":26,"href":"https:\/\/affordablehousingactivation.org\/es\/wp-json\/wp\/v2\/pages\/940\/revisions"}],"predecessor-version":[{"id":9806,"href":"https:\/\/affordablehousingactivation.org\/es\/wp-json\/wp\/v2\/pages\/940\/revisions\/9806"}],"wp:attachment":[{"href":"https:\/\/affordablehousingactivation.org\/es\/wp-json\/wp\/v2\/media?parent=940"}],"curies":[{"name":"wp","href":"https:\/\/api.w.org\/{rel}","templated":true}]}}