{"id":947,"date":"2022-02-28T13:47:51","date_gmt":"2022-02-28T12:47:51","guid":{"rendered":"https:\/\/affordablehousingactivation.org\/?page_id=947"},"modified":"2022-03-19T01:27:42","modified_gmt":"2022-03-19T00:27:42","slug":"zona-de-prensa","status":"publish","type":"page","link":"https:\/\/affordablehousingactivation.org\/es\/zona-de-prensa\/","title":{"rendered":"Zona de prensa"},"content":{"rendered":"<p>El equipo de comunicaci\u00f3n del UIA International Forum 2022 gestiona las peticiones de informaci\u00f3n por parte de los medios de comunicaci\u00f3n, as\u00ed como las solicitud de acreditaciones para asistir al foro en su modalidad presencial, del 18 al 20 de mayo de 2022 en Madrid.<\/p>\n","protected":false},"excerpt":{"rendered":"<p>El equipo de comunicaci\u00f3n del UIA International Forum 2022 gestiona las peticiones de informaci\u00f3n por parte de los medios de comunicaci\u00f3n, as\u00ed como las solicitud de acreditaciones para asistir al [&hellip;]<\/p>\n","protected":false},"author":2,"featured_media":0,"parent":0,"menu_order":0,"comment_status":"closed","ping_status":"closed","template":"page-zona-prensa.php","meta":{"_price":"","_stock":"","_tribe_ticket_header":"","_tribe_default_ticket_provider":"Tribe__Tickets_Plus__Commerce__WooCommerce__Main","_tribe_ticket_capacity":"0","_ticket_start_date":"","_ticket_end_date":"","_tribe_ticket_show_description":"","_tribe_ticket_show_not_going":false,"_tribe_ticket_use_global_stock":"","_tribe_ticket_global_stock_level":"","_global_stock_mode":"","_global_stock_cap":"","_tribe_rsvp_for_event":"","_tribe_ticket_going_count":"","_tribe_ticket_not_going_count":"","_tribe_tickets_list":[],"_tribe_ticket_has_attendee_info_fields":false},"acf":[],"ticketed":false,"_links":{"self":[{"href":"https:\/\/affordablehousingactivation.org\/es\/wp-json\/wp\/v2\/pages\/947"}],"collection":[{"href":"https:\/\/affordablehousingactivation.org\/es\/wp-json\/wp\/v2\/pages"}],"about":[{"href":"https:\/\/affordablehousingactivation.org\/es\/wp-json\/wp\/v2\/types\/page"}],"author":[{"embeddable":true,"href":"https:\/\/affordablehousingactivation.org\/es\/wp-json\/wp\/v2\/users\/2"}],"replies":[{"embeddable":true,"href":"https:\/\/affordablehousingactivation.org\/es\/wp-json\/wp\/v2\/comments?post=947"}],"version-history":[{"count":10,"href":"https:\/\/affordablehousingactivation.org\/es\/wp-json\/wp\/v2\/pages\/947\/revisions"}],"predecessor-version":[{"id":2349,"href":"https:\/\/affordablehousingactivation.org\/es\/wp-json\/wp\/v2\/pages\/947\/revisions\/2349"}],"wp:attachment":[{"href":"https:\/\/affordablehousingactivation.org\/es\/wp-json\/wp\/v2\/media?parent=947"}],"curies":[{"name":"wp","href":"https:\/\/api.w.org\/{rel}","templated":true}]}}